{"id":313,"date":"2021-10-02T23:38:04","date_gmt":"2021-10-03T02:38:04","guid":{"rendered":"https:\/\/soti.med.br\/site\/?page_id=313"},"modified":"2021-10-02T23:51:04","modified_gmt":"2021-10-03T02:51:04","slug":"blog","status":"publish","type":"page","link":"https:\/\/soti.med.br\/site\/blog\/","title":{"rendered":"BLOG"},"content":{"rendered":"\t\t<div data-elementor-type=\"wp-page\" data-elementor-id=\"313\" class=\"elementor elementor-313\">\n\t\t\t\t\t\t<section class=\"elementor-section elementor-top-section elementor-element elementor-element-e9adb9e elementor-section-boxed elementor-section-height-default elementor-section-height-default\" data-id=\"e9adb9e\" data-element_type=\"section\">\n\t\t\t\t\t\t<div class=\"elementor-container elementor-column-gap-default\">\n\t\t\t\t\t<div class=\"elementor-column elementor-col-100 elementor-top-column elementor-element elementor-element-59c3e96\" data-id=\"59c3e96\" data-element_type=\"column\">\n\t\t\t<div class=\"elementor-widget-wrap elementor-element-populated\">\n\t\t\t\t\t\t<div class=\"elementor-element elementor-element-1a13d55 elementor-widget elementor-widget-spacer\" data-id=\"1a13d55\" data-element_type=\"widget\" data-widget_type=\"spacer.default\">\n\t\t\t\t<div class=\"elementor-widget-container\">\n\t\t\t\t\t\t\t<div class=\"elementor-spacer\">\n\t\t\t<div class=\"elementor-spacer-inner\"><\/div>\n\t\t<\/div>\n\t\t\t\t\t\t<\/div>\n\t\t\t\t<\/div>\n\t\t\t\t\t<\/div>\n\t\t<\/div>\n\t\t\t\t\t<\/div>\n\t\t<\/section>\n\t\t\t\t<section class=\"elementor-section elementor-top-section elementor-element elementor-element-7dfd6e7 elementor-section-boxed elementor-section-height-default elementor-section-height-default\" data-id=\"7dfd6e7\" data-element_type=\"section\">\n\t\t\t\t\t\t<div class=\"elementor-container elementor-column-gap-default\">\n\t\t\t\t\t<div class=\"elementor-column elementor-col-100 elementor-top-column elementor-element elementor-element-dca1fb7\" data-id=\"dca1fb7\" data-element_type=\"column\">\n\t\t\t<div class=\"elementor-widget-wrap elementor-element-populated\">\n\t\t\t\t\t\t<div class=\"elementor-element elementor-element-a5d19e0 elementor-widget elementor-widget-heading\" data-id=\"a5d19e0\" data-element_type=\"widget\" data-widget_type=\"heading.default\">\n\t\t\t\t<div class=\"elementor-widget-container\">\n\t\t\t\t\t<h1 class=\"elementor-heading-title elementor-size-default\">... BLOG ...<\/h1>\t\t\t\t<\/div>\n\t\t\t\t<\/div>\n\t\t\t\t\t<\/div>\n\t\t<\/div>\n\t\t\t\t\t<\/div>\n\t\t<\/section>\n\t\t\t\t<section class=\"elementor-section elementor-top-section elementor-element elementor-element-40653e1 elementor-section-boxed elementor-section-height-default elementor-section-height-default\" data-id=\"40653e1\" data-element_type=\"section\">\n\t\t\t\t\t\t<div class=\"elementor-container elementor-column-gap-default\">\n\t\t\t\t\t<div class=\"elementor-column elementor-col-100 elementor-top-column elementor-element elementor-element-e2996a2\" data-id=\"e2996a2\" data-element_type=\"column\">\n\t\t\t<div class=\"elementor-widget-wrap elementor-element-populated\">\n\t\t\t\t\t\t<div class=\"elementor-element elementor-element-c70c36c elementor-widget elementor-widget-spacer\" data-id=\"c70c36c\" data-element_type=\"widget\" data-widget_type=\"spacer.default\">\n\t\t\t\t<div class=\"elementor-widget-container\">\n\t\t\t\t\t\t\t<div class=\"elementor-spacer\">\n\t\t\t<div class=\"elementor-spacer-inner\"><\/div>\n\t\t<\/div>\n\t\t\t\t\t\t<\/div>\n\t\t\t\t<\/div>\n\t\t\t\t\t<\/div>\n\t\t<\/div>\n\t\t\t\t\t<\/div>\n\t\t<\/section>\n\t\t\t\t<section class=\"elementor-section elementor-top-section elementor-element elementor-element-30e0182 elementor-section-boxed elementor-section-height-default elementor-section-height-default\" data-id=\"30e0182\" data-element_type=\"section\">\n\t\t\t\t\t\t<div class=\"elementor-container elementor-column-gap-wide\">\n\t\t\t\t\t<div class=\"elementor-column elementor-col-50 elementor-top-column elementor-element elementor-element-5979355\" data-id=\"5979355\" data-element_type=\"column\">\n\t\t\t<div class=\"elementor-widget-wrap elementor-element-populated\">\n\t\t\t\t\t\t<div class=\"elementor-element elementor-element-e804ad8 elementor-grid-1 elementor-grid-tablet-2 elementor-grid-mobile-1 elementor-posts--thumbnail-top elementor-widget elementor-widget-posts\" data-id=\"e804ad8\" data-element_type=\"widget\" data-settings=\"{&quot;classic_columns&quot;:&quot;1&quot;,&quot;classic_columns_tablet&quot;:&quot;2&quot;,&quot;classic_columns_mobile&quot;:&quot;1&quot;,&quot;classic_row_gap&quot;:{&quot;unit&quot;:&quot;px&quot;,&quot;size&quot;:35,&quot;sizes&quot;:[]},&quot;classic_row_gap_tablet&quot;:{&quot;unit&quot;:&quot;px&quot;,&quot;size&quot;:&quot;&quot;,&quot;sizes&quot;:[]},&quot;classic_row_gap_mobile&quot;:{&quot;unit&quot;:&quot;px&quot;,&quot;size&quot;:&quot;&quot;,&quot;sizes&quot;:[]}}\" data-widget_type=\"posts.classic\">\n\t\t\t\t<div class=\"elementor-widget-container\">\n\t\t\t\t\t\t\t<div class=\"elementor-posts-container elementor-posts elementor-posts--skin-classic elementor-grid\">\n\t\t\t\t<article class=\"elementor-post elementor-grid-item post-223 post type-post status-publish format-standard hentry category-artigos\">\n\t\t\t\t<div class=\"elementor-post__text\">\n\t\t\t\t<h2 class=\"elementor-post__title\">\n\t\t\t<a href=\"https:\/\/soti.med.br\/site\/2020\/09\/as-principais-lesoes-dos-jogadores-de-futebol\/\" >\n\t\t\t\tAs principais les\u00f5es dos jogadores de futebol\t\t\t<\/a>\n\t\t<\/h2>\n\t\t\t\t<div class=\"elementor-post__meta-data\">\n\t\t\t\t\t<span class=\"elementor-post-date\">\n\t\t\t22\/09\/2020\t\t<\/span>\n\t\t\t\t<\/div>\n\t\t\t\t<div class=\"elementor-post__excerpt\">\n\t\t\t<p>As principais les\u00f5es dos jogadores de futebol O futebol \u00e9 um dos esportes mais populares do mundo, praticado por diferentes faixas et\u00e1rias. Por se tratar de um esporte coletivo e de contato frequente entre os atletas, \u00e9 respons\u00e1vel por v\u00e1rias les\u00f5es. As principais les\u00f5es que acometem os jogadores s\u00e3o: les\u00e3o<\/p>\n\t\t<\/div>\n\t\t\t\t\t<a class=\"elementor-post__read-more\" href=\"https:\/\/soti.med.br\/site\/2020\/09\/as-principais-lesoes-dos-jogadores-de-futebol\/\" >\n\t\t\t\tLeia mais \u00bb\t\t\t<\/a>\n\t\t\t\t<\/div>\n\t\t\t\t<\/article>\n\t\t\t\t<article class=\"elementor-post elementor-grid-item post-220 post type-post status-publish format-standard hentry category-artigos\">\n\t\t\t\t<div class=\"elementor-post__text\">\n\t\t\t\t<h2 class=\"elementor-post__title\">\n\t\t\t<a href=\"https:\/\/soti.med.br\/site\/2020\/09\/como-lidar-com-a-ansiedade-em-tempos-de-covid-19\/\" >\n\t\t\t\tComo lidar com a ansiedade em tempos de COVID-19\t\t\t<\/a>\n\t\t<\/h2>\n\t\t\t\t<div class=\"elementor-post__meta-data\">\n\t\t\t\t\t<span class=\"elementor-post-date\">\n\t\t\t22\/09\/2020\t\t<\/span>\n\t\t\t\t<\/div>\n\t\t\t\t<div class=\"elementor-post__excerpt\">\n\t\t\t<p>Como lidar com a ansiedade em tempos de COVID-19 Ansiedade \u00e9 algo normal e recorrente na vida humana. Por\u00e9m ela pode ser sentida com maior intensidade em momentos dif\u00edceis, como o que estamos vivenciando \u2013 marcado por incertezas, excesso de informa\u00e7\u00f5es, not\u00edcias ruins e o distanciamento de pessoas que gostamos<\/p>\n\t\t<\/div>\n\t\t\t\t\t<a class=\"elementor-post__read-more\" href=\"https:\/\/soti.med.br\/site\/2020\/09\/como-lidar-com-a-ansiedade-em-tempos-de-covid-19\/\" >\n\t\t\t\tLeia mais \u00bb\t\t\t<\/a>\n\t\t\t\t<\/div>\n\t\t\t\t<\/article>\n\t\t\t\t<article class=\"elementor-post elementor-grid-item post-213 post type-post status-publish format-standard hentry category-artigos\">\n\t\t\t\t<div class=\"elementor-post__text\">\n\t\t\t\t<h2 class=\"elementor-post__title\">\n\t\t\t<a href=\"https:\/\/soti.med.br\/site\/2020\/09\/instabilidade-do-ombro\/\" >\n\t\t\t\tInstabilidade do ombro\t\t\t<\/a>\n\t\t<\/h2>\n\t\t\t\t<div class=\"elementor-post__meta-data\">\n\t\t\t\t\t<span class=\"elementor-post-date\">\n\t\t\t22\/09\/2020\t\t<\/span>\n\t\t\t\t<\/div>\n\t\t\t\t<div class=\"elementor-post__excerpt\">\n\t\t\t<p>Instabilidade do ombro O ombro \u00e9 a articula\u00e7\u00e3o de maior mobilidade do corpo humano, por isso vulner\u00e1vel \u00e0 luxa\u00e7\u00e3o (sair do lugar). As instabilidades constituem o segundo grande grupo de queixas relacionadas ao ombro. O ombro tem uma pequena estabilidade est\u00e1tica e grande estabilidade din\u00e2mica, que\u00a0 depende da a\u00e7\u00e3o de<\/p>\n\t\t<\/div>\n\t\t\t\t\t<a class=\"elementor-post__read-more\" href=\"https:\/\/soti.med.br\/site\/2020\/09\/instabilidade-do-ombro\/\" >\n\t\t\t\tLeia mais \u00bb\t\t\t<\/a>\n\t\t\t\t<\/div>\n\t\t\t\t<\/article>\n\t\t\t\t<article class=\"elementor-post elementor-grid-item post-206 post type-post status-publish format-standard hentry category-artigos\">\n\t\t\t\t<div class=\"elementor-post__text\">\n\t\t\t\t<h2 class=\"elementor-post__title\">\n\t\t\t<a href=\"https:\/\/soti.med.br\/site\/2020\/09\/artrose-do-joelho\/\" >\n\t\t\t\tArtrose do joelho\t\t\t<\/a>\n\t\t<\/h2>\n\t\t\t\t<div class=\"elementor-post__meta-data\">\n\t\t\t\t\t<span class=\"elementor-post-date\">\n\t\t\t21\/09\/2020\t\t<\/span>\n\t\t\t\t<\/div>\n\t\t\t\t<div class=\"elementor-post__excerpt\">\n\t\t\t<p>Artrose do joelho Osteoartrite \u00e9 a principal causa de incapacidade musculoesquel\u00e9tica no mundo. A incid\u00eancia e preval\u00eancia aumentam com o envelhecimento: mais de 10% dos homens e 18% das mulheres com 60 anos ou mais sofrem de osteoartrite sintom\u00e1tica (com dor). Segundo dados da Previd\u00eancia Social, a doen\u00e7a corresponde \u00e0<\/p>\n\t\t<\/div>\n\t\t\t\t\t<a class=\"elementor-post__read-more\" href=\"https:\/\/soti.med.br\/site\/2020\/09\/artrose-do-joelho\/\" >\n\t\t\t\tLeia mais \u00bb\t\t\t<\/a>\n\t\t\t\t<\/div>\n\t\t\t\t<\/article>\n\t\t\t\t<\/div>\n\n\n\t\t\n\t\t\t\t\t\t<\/div>\n\t\t\t\t<\/div>\n\t\t\t\t\t<\/div>\n\t\t<\/div>\n\t\t\t\t<div class=\"elementor-column elementor-col-50 elementor-top-column elementor-element elementor-element-7690a23\" data-id=\"7690a23\" data-element_type=\"column\">\n\t\t\t<div class=\"elementor-widget-wrap elementor-element-populated\">\n\t\t\t\t\t\t<div class=\"elementor-element elementor-element-397f56b hfe-search-layout-icon elementor-widget elementor-widget-hfe-search-button\" data-id=\"397f56b\" data-element_type=\"widget\" data-settings=\"{&quot;input_icon_size&quot;:{&quot;unit&quot;:&quot;px&quot;,&quot;size&quot;:250,&quot;sizes&quot;:[]},&quot;input_icon_size_tablet&quot;:{&quot;unit&quot;:&quot;px&quot;,&quot;size&quot;:&quot;&quot;,&quot;sizes&quot;:[]},&quot;input_icon_size_mobile&quot;:{&quot;unit&quot;:&quot;px&quot;,&quot;size&quot;:&quot;&quot;,&quot;sizes&quot;:[]},&quot;toggle_icon_size&quot;:{&quot;unit&quot;:&quot;px&quot;,&quot;size&quot;:15,&quot;sizes&quot;:[]},&quot;toggle_icon_size_tablet&quot;:{&quot;unit&quot;:&quot;px&quot;,&quot;size&quot;:&quot;&quot;,&quot;sizes&quot;:[]},&quot;toggle_icon_size_mobile&quot;:{&quot;unit&quot;:&quot;px&quot;,&quot;size&quot;:&quot;&quot;,&quot;sizes&quot;:[]}}\" data-widget_type=\"hfe-search-button.default\">\n\t\t\t\t<div class=\"elementor-widget-container\">\n\t\t\t\t\t\t\t<form class=\"hfe-search-button-wrapper\" role=\"search\" action=\"https:\/\/soti.med.br\/site\/\" method=\"get\">\n\n\t\t\t\t\t\t<div class = \"hfe-search-icon-toggle\">\n\t\t\t\t<input placeholder=\"\" class=\"hfe-search-form__input\" type=\"search\" name=\"s\" title=\"Search\" value=\"\">\n\t\t\t\t<i class=\"fas fa-search\" aria-hidden=\"true\"><\/i>\n\t\t\t<\/div>\n\t\t\t\t\t<\/form>\n\t\t\t\t\t\t<\/div>\n\t\t\t\t<\/div>\n\t\t\t\t<div class=\"elementor-element elementor-element-992cf8b elementor-widget-divider--view-line elementor-widget elementor-widget-divider\" data-id=\"992cf8b\" data-element_type=\"widget\" data-widget_type=\"divider.default\">\n\t\t\t\t<div class=\"elementor-widget-container\">\n\t\t\t\t\t\t\t<div class=\"elementor-divider\">\n\t\t\t<span class=\"elementor-divider-separator\">\n\t\t\t\t\t\t<\/span>\n\t\t<\/div>\n\t\t\t\t\t\t<\/div>\n\t\t\t\t<\/div>\n\t\t\t\t<div class=\"elementor-element elementor-element-5e9655f elementor-widget elementor-widget-wp-widget-recent-posts\" data-id=\"5e9655f\" data-element_type=\"widget\" data-widget_type=\"wp-widget-recent-posts.default\">\n\t\t\t\t<div class=\"elementor-widget-container\">\n\t\t\t\t\t\n\t\t\n\t\t<h5>Posts recentes<\/h5><nav aria-label=\"Posts recentes\">\n\t\t<ul>\n\t\t\t\t\t\t\t\t\t\t\t<li>\n\t\t\t\t\t<a href=\"https:\/\/soti.med.br\/site\/2020\/09\/as-principais-lesoes-dos-jogadores-de-futebol\/\">As principais les\u00f5es dos jogadores de futebol<\/a>\n\t\t\t\t\t\t\t\t\t<\/li>\n\t\t\t\t\t\t\t\t\t\t\t<li>\n\t\t\t\t\t<a href=\"https:\/\/soti.med.br\/site\/2020\/09\/como-lidar-com-a-ansiedade-em-tempos-de-covid-19\/\">Como lidar com a ansiedade em tempos de COVID-19<\/a>\n\t\t\t\t\t\t\t\t\t<\/li>\n\t\t\t\t\t\t\t\t\t\t\t<li>\n\t\t\t\t\t<a href=\"https:\/\/soti.med.br\/site\/2020\/09\/instabilidade-do-ombro\/\">Instabilidade do ombro<\/a>\n\t\t\t\t\t\t\t\t\t<\/li>\n\t\t\t\t\t<\/ul>\n\n\t\t<\/nav>\t\t\t\t<\/div>\n\t\t\t\t<\/div>\n\t\t\t\t<div class=\"elementor-element elementor-element-0bf778f elementor-widget-divider--view-line elementor-widget elementor-widget-divider\" data-id=\"0bf778f\" data-element_type=\"widget\" data-widget_type=\"divider.default\">\n\t\t\t\t<div class=\"elementor-widget-container\">\n\t\t\t\t\t\t\t<div class=\"elementor-divider\">\n\t\t\t<span class=\"elementor-divider-separator\">\n\t\t\t\t\t\t<\/span>\n\t\t<\/div>\n\t\t\t\t\t\t<\/div>\n\t\t\t\t<\/div>\n\t\t\t\t<div class=\"elementor-element elementor-element-6575cd8 elementor-widget elementor-widget-wp-widget-archives\" data-id=\"6575cd8\" data-element_type=\"widget\" data-widget_type=\"wp-widget-archives.default\">\n\t\t\t\t<div class=\"elementor-widget-container\">\n\t\t\t\t\t<h5>Arquivos<\/h5><nav aria-label=\"Arquivos\">\n\t\t\t<ul>\n\t\t\t\t\t<li><a href='https:\/\/soti.med.br\/site\/2020\/09\/'>setembro 2020<\/a><\/li>\n\t\t\t<\/ul>\n\n\t\t\t<\/nav>\t\t\t\t<\/div>\n\t\t\t\t<\/div>\n\t\t\t\t\t<\/div>\n\t\t<\/div>\n\t\t\t\t\t<\/div>\n\t\t<\/section>\n\t\t\t\t<section class=\"elementor-section elementor-top-section elementor-element elementor-element-5d8d108 elementor-section-boxed elementor-section-height-default elementor-section-height-default\" data-id=\"5d8d108\" data-element_type=\"section\">\n\t\t\t\t\t\t<div class=\"elementor-container elementor-column-gap-default\">\n\t\t\t\t\t<div class=\"elementor-column elementor-col-100 elementor-top-column elementor-element elementor-element-6d0b0de\" data-id=\"6d0b0de\" data-element_type=\"column\">\n\t\t\t<div class=\"elementor-widget-wrap elementor-element-populated\">\n\t\t\t\t\t\t<div class=\"elementor-element elementor-element-85b9cd6 elementor-widget elementor-widget-spacer\" data-id=\"85b9cd6\" data-element_type=\"widget\" data-widget_type=\"spacer.default\">\n\t\t\t\t<div class=\"elementor-widget-container\">\n\t\t\t\t\t\t\t<div class=\"elementor-spacer\">\n\t\t\t<div class=\"elementor-spacer-inner\"><\/div>\n\t\t<\/div>\n\t\t\t\t\t\t<\/div>\n\t\t\t\t<\/div>\n\t\t\t\t\t<\/div>\n\t\t<\/div>\n\t\t\t\t\t<\/div>\n\t\t<\/section>\n\t\t\t\t<section class=\"elementor-section elementor-top-section elementor-element elementor-element-f418423 elementor-section-boxed elementor-section-height-default elementor-section-height-default\" data-id=\"f418423\" data-element_type=\"section\">\n\t\t\t\t\t\t<div class=\"elementor-container elementor-column-gap-default\">\n\t\t\t\t\t<div class=\"elementor-column elementor-col-100 elementor-top-column elementor-element elementor-element-1f016ed\" data-id=\"1f016ed\" data-element_type=\"column\">\n\t\t\t<div class=\"elementor-widget-wrap elementor-element-populated\">\n\t\t\t\t\t\t<div class=\"elementor-element elementor-element-89e680c elementor-widget elementor-widget-text-editor\" data-id=\"89e680c\" data-element_type=\"widget\" data-widget_type=\"text-editor.default\">\n\t\t\t\t<div class=\"elementor-widget-container\">\n\t\t\t\t\t\t\t\t\t<p>Copyright \u00a9 2021 SOTI &#8211; Servic\u0327os de Ortopedia e Traumatologia Integrados | CNPJ 13.919.544\/0001-01<br \/>Desenvolvimento: MarketingA2 | MDA Comunica\u00e7\u00e3o<\/p>\t\t\t\t\t\t\t\t<\/div>\n\t\t\t\t<\/div>\n\t\t\t\t\t<\/div>\n\t\t<\/div>\n\t\t\t\t\t<\/div>\n\t\t<\/section>\n\t\t\t\t<\/div>\n\t\t","protected":false},"excerpt":{"rendered":"<p>&#8230; BLOG &#8230; Copyright \u00a9 2021 SOTI &#8211; Servic\u0327os de Ortopedia e Traumatologia Integrados | CNPJ 13.919.544\/0001-01Desenvolvimento: MarketingA2 | MDA Comunica\u00e7\u00e3o<\/p>\n","protected":false},"author":1,"featured_media":0,"parent":0,"menu_order":0,"comment_status":"closed","ping_status":"closed","template":"elementor_canvas","meta":{"tpgb_global_settings":"","footnotes":""},"class_list":["post-313","page","type-page","status-publish","hentry"],"tpgb_featured_images":null,"tpgb_post_meta_info":{"get_date":"02\/10\/2021","get_modified_date":"02\/10\/2021","author_name":"mda","author_url":"https:\/\/soti.med.br\/site\/author\/mda\/","author_email":"contato@mda.net.br","author_website":"https:\/\/soti.med.br\/site","author_description":"","author_facebook":"","author_twitter":"","author_instagram":"","author_role":["administrator"],"author_firstname":"","author_lastname":"","user_login":"mda","author_avatar":"<img alt='' src='https:\/\/secure.gravatar.com\/avatar\/cd80c8d0370abb348b1903437532c5f799ff7a377b398dc018af8cf3c7b092ac?s=200&#038;d=mm&#038;r=g' srcset='https:\/\/secure.gravatar.com\/avatar\/cd80c8d0370abb348b1903437532c5f799ff7a377b398dc018af8cf3c7b092ac?s=400&#038;d=mm&#038;r=g 2x' class='avatar avatar-200 photo' height='200' width='200' decoding='async'\/>","author_avatar_url":"https:\/\/secure.gravatar.com\/avatar\/cd80c8d0370abb348b1903437532c5f799ff7a377b398dc018af8cf3c7b092ac?s=96&d=mm&r=g","comment_count":0,"post_likes":0,"post_views":0},"tpgb_post_category":[],"_links":{"self":[{"href":"https:\/\/soti.med.br\/site\/wp-json\/wp\/v2\/pages\/313","targetHints":{"allow":["GET"]}}],"collection":[{"href":"https:\/\/soti.med.br\/site\/wp-json\/wp\/v2\/pages"}],"about":[{"href":"https:\/\/soti.med.br\/site\/wp-json\/wp\/v2\/types\/page"}],"author":[{"embeddable":true,"href":"https:\/\/soti.med.br\/site\/wp-json\/wp\/v2\/users\/1"}],"replies":[{"embeddable":true,"href":"https:\/\/soti.med.br\/site\/wp-json\/wp\/v2\/comments?post=313"}],"version-history":[{"count":13,"href":"https:\/\/soti.med.br\/site\/wp-json\/wp\/v2\/pages\/313\/revisions"}],"predecessor-version":[{"id":332,"href":"https:\/\/soti.med.br\/site\/wp-json\/wp\/v2\/pages\/313\/revisions\/332"}],"wp:attachment":[{"href":"https:\/\/soti.med.br\/site\/wp-json\/wp\/v2\/media?parent=313"}],"curies":[{"name":"wp","href":"https:\/\/api.w.org\/{rel}","templated":true}]}}