{"id":77,"date":"2020-09-01T14:03:55","date_gmt":"2020-09-01T14:03:55","guid":{"rendered":"https:\/\/soti.med.br\/site\/?page_id=77"},"modified":"2020-09-21T23:10:51","modified_gmt":"2020-09-21T23:10:51","slug":"clinica","status":"publish","type":"page","link":"https:\/\/soti.med.br\/site\/home-2\/clinica\/","title":{"rendered":"A Cl\u00ednica"},"content":{"rendered":"\t\t<div data-elementor-type=\"wp-page\" data-elementor-id=\"77\" class=\"elementor elementor-77\">\n\t\t\t\t\t\t<section class=\"elementor-section elementor-top-section elementor-element elementor-element-28cea51 elementor-section-boxed elementor-section-height-default elementor-section-height-default\" data-id=\"28cea51\" data-element_type=\"section\">\n\t\t\t\t\t\t<div class=\"elementor-container elementor-column-gap-default\">\n\t\t\t\t\t<div class=\"elementor-column elementor-col-100 elementor-top-column elementor-element elementor-element-01720e8\" data-id=\"01720e8\" data-element_type=\"column\">\n\t\t\t<div class=\"elementor-widget-wrap elementor-element-populated\">\n\t\t\t\t\t\t<div class=\"elementor-element elementor-element-d16bc06 elementor-widget elementor-widget-spacer\" data-id=\"d16bc06\" data-element_type=\"widget\" data-widget_type=\"spacer.default\">\n\t\t\t\t<div class=\"elementor-widget-container\">\n\t\t\t\t\t\t\t<div class=\"elementor-spacer\">\n\t\t\t<div class=\"elementor-spacer-inner\"><\/div>\n\t\t<\/div>\n\t\t\t\t\t\t<\/div>\n\t\t\t\t<\/div>\n\t\t\t\t\t<\/div>\n\t\t<\/div>\n\t\t\t\t\t<\/div>\n\t\t<\/section>\n\t\t\t\t<section class=\"elementor-section elementor-top-section elementor-element elementor-element-906ee08 elementor-section-boxed elementor-section-height-default elementor-section-height-default\" data-id=\"906ee08\" data-element_type=\"section\">\n\t\t\t\t\t\t<div class=\"elementor-container elementor-column-gap-default\">\n\t\t\t\t\t<div class=\"elementor-column elementor-col-100 elementor-top-column elementor-element elementor-element-8140bf8\" data-id=\"8140bf8\" data-element_type=\"column\">\n\t\t\t<div class=\"elementor-widget-wrap elementor-element-populated\">\n\t\t\t\t\t\t<div class=\"elementor-element elementor-element-3722172 elementor-widget elementor-widget-heading\" data-id=\"3722172\" data-element_type=\"widget\" data-widget_type=\"heading.default\">\n\t\t\t\t<div class=\"elementor-widget-container\">\n\t\t\t\t\t<h2 class=\"elementor-heading-title elementor-size-large\">ESTRUTURA DIFERENCIADA<\/h2>\t\t\t\t<\/div>\n\t\t\t\t<\/div>\n\t\t\t\t\t<\/div>\n\t\t<\/div>\n\t\t\t\t\t<\/div>\n\t\t<\/section>\n\t\t\t\t<section class=\"elementor-section elementor-top-section elementor-element elementor-element-565d2a2 elementor-section-boxed elementor-section-height-default elementor-section-height-default\" data-id=\"565d2a2\" data-element_type=\"section\">\n\t\t\t\t\t\t<div class=\"elementor-container elementor-column-gap-default\">\n\t\t\t\t\t<div class=\"elementor-column elementor-col-100 elementor-top-column elementor-element elementor-element-f63ba1c\" data-id=\"f63ba1c\" data-element_type=\"column\">\n\t\t\t<div class=\"elementor-widget-wrap elementor-element-populated\">\n\t\t\t\t\t\t<div class=\"elementor-element elementor-element-06bbfd4 elementor-widget elementor-widget-spacer\" data-id=\"06bbfd4\" data-element_type=\"widget\" data-widget_type=\"spacer.default\">\n\t\t\t\t<div class=\"elementor-widget-container\">\n\t\t\t\t\t\t\t<div class=\"elementor-spacer\">\n\t\t\t<div class=\"elementor-spacer-inner\"><\/div>\n\t\t<\/div>\n\t\t\t\t\t\t<\/div>\n\t\t\t\t<\/div>\n\t\t\t\t\t<\/div>\n\t\t<\/div>\n\t\t\t\t\t<\/div>\n\t\t<\/section>\n\t\t\t\t<section class=\"elementor-section elementor-top-section elementor-element elementor-element-276649d elementor-section-boxed elementor-section-height-default elementor-section-height-default\" data-id=\"276649d\" data-element_type=\"section\">\n\t\t\t\t\t\t<div class=\"elementor-container elementor-column-gap-default\">\n\t\t\t\t\t<div class=\"elementor-column elementor-col-50 elementor-top-column elementor-element elementor-element-ae474d7\" data-id=\"ae474d7\" data-element_type=\"column\">\n\t\t\t<div class=\"elementor-widget-wrap\">\n\t\t\t\t\t\t\t<\/div>\n\t\t<\/div>\n\t\t\t\t<div class=\"elementor-column elementor-col-50 elementor-top-column elementor-element elementor-element-b205647\" data-id=\"b205647\" data-element_type=\"column\">\n\t\t\t<div class=\"elementor-widget-wrap elementor-element-populated\">\n\t\t\t\t\t\t<div class=\"elementor-element elementor-element-4230b20 elementor-widget elementor-widget-text-editor\" data-id=\"4230b20\" data-element_type=\"widget\" data-widget_type=\"text-editor.default\">\n\t\t\t\t<div class=\"elementor-widget-container\">\n\t\t\t\t\t\t\t\t\t<p>O SOTI possui estrutura acess\u00edvel e confort\u00e1vel para atendimento ortop\u00e9dico. Disponibilizamos quatro consult\u00f3rios com capacidade para atendimentos simult\u00e2neos em hor\u00e1rio comercial, al\u00e9m de ambulat\u00f3rio para pequenos procedimentos n\u00e3o invasivos (gesso, retirada de pontos, infiltra\u00e7\u00e3o, curativos\u2026).\u00a0<\/p><p>Tamb\u00e9m contamos com estacionamento anexado, recep\u00e7\u00e3o com Wi-fi e TV, ambiente climatizado e sistema interligado de imagem com as principais cl\u00ednicas de Passo Fundo.<\/p><p>Atendimentos de conv\u00eanios em hospitais em qualquer hor\u00e1rio, conforme a demanda. Equipe de anestesistas integrados \u00e0 cl\u00ednica para todos os procedimentos. Indica\u00e7\u00f5es direcionadas aos servi\u00e7os de fisioterapia conforme a patologia.<\/p>\t\t\t\t\t\t\t\t<\/div>\n\t\t\t\t<\/div>\n\t\t\t\t\t<\/div>\n\t\t<\/div>\n\t\t\t\t\t<\/div>\n\t\t<\/section>\n\t\t\t\t<\/div>\n\t\t","protected":false},"excerpt":{"rendered":"<p>ESTRUTURA DIFERENCIADA O SOTI possui estrutura acess\u00edvel e confort\u00e1vel para atendimento ortop\u00e9dico. Disponibilizamos quatro consult\u00f3rios com capacidade para atendimentos simult\u00e2neos em hor\u00e1rio comercial, al\u00e9m de ambulat\u00f3rio para pequenos procedimentos n\u00e3o invasivos (gesso, retirada de pontos, infiltra\u00e7\u00e3o, curativos\u2026).\u00a0 Tamb\u00e9m contamos com estacionamento anexado, recep\u00e7\u00e3o com Wi-fi e TV, ambiente climatizado e sistema interligado de imagem com &hellip; <\/p>\n<p class=\"link-more\"><a href=\"https:\/\/soti.med.br\/site\/home-2\/clinica\/\" class=\"more-link\">Continue lendo<span class=\"screen-reader-text\"> &#8220;A Cl\u00ednica&#8221;<\/span><\/a><\/p>\n","protected":false},"author":1,"featured_media":0,"parent":64,"menu_order":0,"comment_status":"closed","ping_status":"closed","template":"elementor_canvas","meta":{"tpgb_global_settings":"","footnotes":""},"class_list":["post-77","page","type-page","status-publish","hentry"],"tpgb_featured_images":null,"tpgb_post_meta_info":{"get_date":"01\/09\/2020","get_modified_date":"21\/09\/2020","author_name":"mda","author_url":"https:\/\/soti.med.br\/site\/author\/mda\/","author_email":"contato@mda.net.br","author_website":"https:\/\/soti.med.br\/site","author_description":"","author_facebook":"","author_twitter":"","author_instagram":"","author_role":["administrator"],"author_firstname":"","author_lastname":"","user_login":"mda","author_avatar":"<img alt='' src='https:\/\/secure.gravatar.com\/avatar\/cd80c8d0370abb348b1903437532c5f799ff7a377b398dc018af8cf3c7b092ac?s=200&#038;d=mm&#038;r=g' srcset='https:\/\/secure.gravatar.com\/avatar\/cd80c8d0370abb348b1903437532c5f799ff7a377b398dc018af8cf3c7b092ac?s=400&#038;d=mm&#038;r=g 2x' class='avatar avatar-200 photo' height='200' width='200' decoding='async'\/>","author_avatar_url":"https:\/\/secure.gravatar.com\/avatar\/cd80c8d0370abb348b1903437532c5f799ff7a377b398dc018af8cf3c7b092ac?s=96&d=mm&r=g","comment_count":0,"post_likes":0,"post_views":0},"tpgb_post_category":[],"_links":{"self":[{"href":"https:\/\/soti.med.br\/site\/wp-json\/wp\/v2\/pages\/77","targetHints":{"allow":["GET"]}}],"collection":[{"href":"https:\/\/soti.med.br\/site\/wp-json\/wp\/v2\/pages"}],"about":[{"href":"https:\/\/soti.med.br\/site\/wp-json\/wp\/v2\/types\/page"}],"author":[{"embeddable":true,"href":"https:\/\/soti.med.br\/site\/wp-json\/wp\/v2\/users\/1"}],"replies":[{"embeddable":true,"href":"https:\/\/soti.med.br\/site\/wp-json\/wp\/v2\/comments?post=77"}],"version-history":[{"count":5,"href":"https:\/\/soti.med.br\/site\/wp-json\/wp\/v2\/pages\/77\/revisions"}],"predecessor-version":[{"id":205,"href":"https:\/\/soti.med.br\/site\/wp-json\/wp\/v2\/pages\/77\/revisions\/205"}],"up":[{"embeddable":true,"href":"https:\/\/soti.med.br\/site\/wp-json\/wp\/v2\/pages\/64"}],"wp:attachment":[{"href":"https:\/\/soti.med.br\/site\/wp-json\/wp\/v2\/media?parent=77"}],"curies":[{"name":"wp","href":"https:\/\/api.w.org\/{rel}","templated":true}]}}